{"id":1399,"date":"2022-01-22T15:23:08","date_gmt":"2022-01-22T15:23:08","guid":{"rendered":"https:\/\/www.nhtgs.net\/?page_id=1399"},"modified":"2022-01-22T15:29:28","modified_gmt":"2022-01-22T15:29:28","slug":"drone-services","status":"publish","type":"page","link":"https:\/\/www.nhtgs.net\/en\/prestations\/geomatique\/drone-services\/","title":{"rendered":"Drone services"},"content":{"rendered":"<p>La technologie des drones a r\u00e9volutionn\u00e9 le monde de l\u2019imagerie dans le domaine civile. Nous pouvons avoir des informations spatiales des zones d\u2019acc\u00e8s difficile \u00e0 moindre co\u00fbt. Les drones sont des a\u00e9ronefs sans \u00e9quipage dont le pilotage est automatique ou t\u00e9l\u00e9command\u00e9. Il y a plusieurs formes de drone mais la principale diff\u00e9rence se situe dans la qualit\u00e9 des donn\u00e9es qu\u2019il fournit (en image ou en vid\u00e9o). Nous avons des drones qui sont adapt\u00e9s \u00e0 tous les services civils.<\/p>\n\n\n\n<p>Nos services de drone concernent&nbsp;:<\/p>\n\n\n\n<ul class=\"wp-block-list\"><li>Mapping<\/li><li>La photogramm\u00e9trie<\/li><li>Le pilotage<\/li><\/ul>\n\n\n\n<p><strong>La cartographie par drone<\/strong><\/p>\n\n\n\n<p>Sur la base des donn\u00e9es \u00e0 notre disposition, nous \u00e9tablissons un bon plan de cartographie dans vos zones d\u2019int\u00e9r\u00eat. En suite un survol \u00e0 drone est effectu\u00e9 dans la zone pour avoir des images contenant les d\u00e9tails du terrain selon votre d\u00e9sire. Ces images sont ensuite combin\u00e9es pour avoir un fond de base de votre zone.<\/p>\n\n\n\n<p><strong>La photogramm\u00e9trie<\/strong><\/p>\n\n\n\n<p>Le plus ad\u00e9quat \u00e0 la photogramm\u00e9trie, notre Phantom 4 Pro vous fournira des images de haute r\u00e9solution. Ces belles images seront trait\u00e9es par des logiciels d\u00e9di\u00e9s pour g\u00e9n\u00e9rer les mod\u00e8les num\u00e9riques de surface et de terrain. Ces mod\u00e8les nous montrerons tous les d\u00e9tails de votre zone d\u2019int\u00e9r\u00eat dans un temps bref.<\/p>\n\n\n\n<p><strong>Le pilotage du drone<\/strong><\/p>\n\n\n\n<p>Nous vous proposons un cours professionnel de pilotage de drone. Avec une collection de drone vari\u00e9e vous comprendrez le fonctionnement des drones dans les d\u00e9tails. De la planification au traitement des donn\u00e9es, nous vous montrerons tous ce qu\u2019il faut savoir pour bien utiliser un drone.<\/p>\n\n\n\n<figure class=\"wp-block-image size-full\"><img data-recalc-dims=\"1\" loading=\"lazy\" decoding=\"async\" width=\"474\" height=\"260\" src=\"https:\/\/i0.wp.com\/www.nhtgs.net\/wp-content\/uploads\/2022\/01\/image.png?resize=474%2C260&#038;ssl=1\" alt=\"\" class=\"wp-image-1400\" srcset=\"https:\/\/i0.wp.com\/www.nhtgs.net\/wp-content\/uploads\/2022\/01\/image.png?w=474&amp;ssl=1 474w, https:\/\/i0.wp.com\/www.nhtgs.net\/wp-content\/uploads\/2022\/01\/image.png?resize=300%2C165&amp;ssl=1 300w, https:\/\/i0.wp.com\/www.nhtgs.net\/wp-content\/uploads\/2022\/01\/image.png?resize=100%2C55&amp;ssl=1 100w, https:\/\/i0.wp.com\/www.nhtgs.net\/wp-content\/uploads\/2022\/01\/image.png?resize=18%2C10&amp;ssl=1 18w\" sizes=\"auto, (max-width: 474px) 100vw, 474px\" \/><figcaption>Dji Phantom 4 Pro+ (un de nos drone)<\/figcaption><\/figure>\n\n\n\n<figure class=\"wp-block-image size-full\"><img data-recalc-dims=\"1\" loading=\"lazy\" decoding=\"async\" width=\"467\" height=\"239\" src=\"https:\/\/i0.wp.com\/www.nhtgs.net\/wp-content\/uploads\/2022\/01\/image-1.png?resize=467%2C239&#038;ssl=1\" alt=\"\" class=\"wp-image-1401\" srcset=\"https:\/\/i0.wp.com\/www.nhtgs.net\/wp-content\/uploads\/2022\/01\/image-1.png?w=467&amp;ssl=1 467w, https:\/\/i0.wp.com\/www.nhtgs.net\/wp-content\/uploads\/2022\/01\/image-1.png?resize=300%2C154&amp;ssl=1 300w, https:\/\/i0.wp.com\/www.nhtgs.net\/wp-content\/uploads\/2022\/01\/image-1.png?resize=100%2C51&amp;ssl=1 100w, https:\/\/i0.wp.com\/www.nhtgs.net\/wp-content\/uploads\/2022\/01\/image-1.png?resize=18%2C9&amp;ssl=1 18w\" sizes=\"auto, (max-width: 467px) 100vw, 467px\" \/><figcaption>Toysky S189 (un de nos drone)<\/figcaption><\/figure>","protected":false},"excerpt":{"rendered":"<div class=\"slide-text-bg2\"><span>La technologie des drones a r\u00e9volutionn\u00e9 le monde de l\u2019imagerie dans le domaine civile. Nous pouvons avoir des informations spatiales des zones d\u2019acc<\/span><\/div>\n<div class=\"slide-btn-area-sm\"><a href=\"https:\/\/www.nhtgs.net\/en\/prestations\/geomatique\/drone-services\/\" class=\"slide-btn-sm\">Read More<\/a><\/div>","protected":false},"author":10,"featured_media":0,"parent":297,"menu_order":0,"comment_status":"closed","ping_status":"closed","template":"","meta":{"advanced_seo_description":"","jetpack_seo_html_title":"","jetpack_seo_noindex":false,"footnotes":""},"class_list":["post-1399","page","type-page","status-publish","hentry"],"jetpack-related-posts":[],"jetpack_sharing_enabled":true,"jetpack_likes_enabled":true,"_links":{"self":[{"href":"https:\/\/www.nhtgs.net\/en\/wp-json\/wp\/v2\/pages\/1399","targetHints":{"allow":["GET"]}}],"collection":[{"href":"https:\/\/www.nhtgs.net\/en\/wp-json\/wp\/v2\/pages"}],"about":[{"href":"https:\/\/www.nhtgs.net\/en\/wp-json\/wp\/v2\/types\/page"}],"author":[{"embeddable":true,"href":"https:\/\/www.nhtgs.net\/en\/wp-json\/wp\/v2\/users\/10"}],"replies":[{"embeddable":true,"href":"https:\/\/www.nhtgs.net\/en\/wp-json\/wp\/v2\/comments?post=1399"}],"version-history":[{"count":2,"href":"https:\/\/www.nhtgs.net\/en\/wp-json\/wp\/v2\/pages\/1399\/revisions"}],"predecessor-version":[{"id":1406,"href":"https:\/\/www.nhtgs.net\/en\/wp-json\/wp\/v2\/pages\/1399\/revisions\/1406"}],"up":[{"embeddable":true,"href":"https:\/\/www.nhtgs.net\/en\/wp-json\/wp\/v2\/pages\/297"}],"wp:attachment":[{"href":"https:\/\/www.nhtgs.net\/en\/wp-json\/wp\/v2\/media?parent=1399"}],"curies":[{"name":"wp","href":"https:\/\/api.w.org\/{rel}","templated":true}]}}