{"id":21,"date":"2020-11-14T12:46:44","date_gmt":"2020-11-14T11:46:44","guid":{"rendered":"http:\/\/nhtgs.net\/?page_id=21"},"modified":"2022-05-19T10:56:55","modified_gmt":"2022-05-19T10:56:55","slug":"equipe","status":"publish","type":"page","link":"https:\/\/www.nhtgs.net\/en\/presentation\/equipe\/","title":{"rendered":"Team"},"content":{"rendered":"<p>Our team is composed of qualified people (Bac+5 or more), competent and experienced from 5 to 20 years old.<\/p>\n\n\n\n<p>Our Directorate is structured as follows:<\/p>\n\n\n\n<h4 class=\"wp-block-heading\">General Director<\/h4>\n\n\n\n<h4 class=\"wp-block-heading\">Administrative Secretary<\/h4>\n\n\n\n<h4 class=\"wp-block-heading\">Technical Director<\/h4>\n\n\n\n<h4 class=\"wp-block-heading\">Business Manager<\/h4>\n\n\n\n<h4 class=\"wp-block-heading\">Training Manager<\/h4>\n\n\n\n<p> <\/p>","protected":false},"excerpt":{"rendered":"<div class=\"slide-text-bg2\"><span>Notre \u00e9quipe est compos\u00e9 de personnes qualifi\u00e9es (Bac+5 ou plus), comp\u00e9tentes et exp\u00e9riment\u00e9es de 5 \u00e0 20 ans. Notre Direction est structur\u00e9e comme <\/span><\/div>\n<div class=\"slide-btn-area-sm\"><a href=\"https:\/\/www.nhtgs.net\/en\/presentation\/equipe\/\" class=\"slide-btn-sm\">Read More<\/a><\/div>","protected":false},"author":2,"featured_media":0,"parent":2,"menu_order":1,"comment_status":"closed","ping_status":"closed","template":"","meta":{"advanced_seo_description":"","jetpack_seo_html_title":"","jetpack_seo_noindex":false,"footnotes":""},"class_list":["post-21","page","type-page","status-publish","hentry"],"jetpack-related-posts":[],"jetpack_sharing_enabled":true,"jetpack_likes_enabled":true,"_links":{"self":[{"href":"https:\/\/www.nhtgs.net\/en\/wp-json\/wp\/v2\/pages\/21","targetHints":{"allow":["GET"]}}],"collection":[{"href":"https:\/\/www.nhtgs.net\/en\/wp-json\/wp\/v2\/pages"}],"about":[{"href":"https:\/\/www.nhtgs.net\/en\/wp-json\/wp\/v2\/types\/page"}],"author":[{"embeddable":true,"href":"https:\/\/www.nhtgs.net\/en\/wp-json\/wp\/v2\/users\/2"}],"replies":[{"embeddable":true,"href":"https:\/\/www.nhtgs.net\/en\/wp-json\/wp\/v2\/comments?post=21"}],"version-history":[{"count":5,"href":"https:\/\/www.nhtgs.net\/en\/wp-json\/wp\/v2\/pages\/21\/revisions"}],"predecessor-version":[{"id":529,"href":"https:\/\/www.nhtgs.net\/en\/wp-json\/wp\/v2\/pages\/21\/revisions\/529"}],"up":[{"embeddable":true,"href":"https:\/\/www.nhtgs.net\/en\/wp-json\/wp\/v2\/pages\/2"}],"wp:attachment":[{"href":"https:\/\/www.nhtgs.net\/en\/wp-json\/wp\/v2\/media?parent=21"}],"curies":[{"name":"wp","href":"https:\/\/api.w.org\/{rel}","templated":true}]}}