{"id":297,"date":"2021-03-12T19:14:43","date_gmt":"2021-03-12T19:14:43","guid":{"rendered":"https:\/\/www.nhtgs.net\/?page_id=297"},"modified":"2022-01-22T15:26:22","modified_gmt":"2022-01-22T15:26:22","slug":"geomatique","status":"publish","type":"page","link":"https:\/\/www.nhtgs.net\/en\/prestations\/geomatique\/","title":{"rendered":"Geomatic"},"content":{"rendered":"<p>La gestion efficace des donn\u00e9es est une condition indispensable pour la r\u00e9ussite des entreprises. Celle des donn\u00e9es g\u00e9ographiques est d\u00e9terminant pour une bonne prise de d\u00e9cision. Nous pouvons concevoir, optimiser et auditer les bases de donn\u00e9es pour nos clients.<\/p>\n\n\n\n<p>Nous sommes capables de r\u00e9aliser une visite virtuelle des permis en vue de v\u00e9rifier la v\u00e9racit\u00e9 de certains ouvrages de grandes dimensions.<\/p>\n\n\n\n<p>Par notre analyse spatiale, nous pouvons confirmer ou infirmer le nombre d\u2019\u00e9chantillons de g\u00e9ochimie pr\u00e9lev\u00e9s (avec un intervalle de confiance tr\u00e8s restreint).<\/p>\n\n\n\n<p>Nous pouvons vous guider dans la d\u00e9termination du nombre d\u2019\u00e9chantillons optimal, les param\u00e8tre des tranch\u00e9es et l\u2019orientation des sondages pour RC ou Carott\u00e9 suite \u00e0 une \u00e9tude approfondie des caract\u00e9ristique g\u00e9ologique et g\u00e9omorphologique de votre permis.<\/p>\n\n\n\n<p>Avec nos bases de donn\u00e9es g\u00e9ologique, m\u00e9tallog\u00e9nique, structurale, topographique, nous pouvons vous faire d\u00e9cider dans le choix d\u2019un permis de recherche \u00e0 fort potentialit\u00e9 min\u00e9ralogique.<\/p>\n\n\n\n<figure class=\"wp-block-image size-full is-resized is-style-default\"><img data-recalc-dims=\"1\" loading=\"lazy\" decoding=\"async\" src=\"https:\/\/i0.wp.com\/www.nhtgs.net\/wp-content\/uploads\/2021\/03\/nhtgs_database_demo.jpg?resize=794%2C561&#038;ssl=1\" alt=\"NHTGS database demo\" class=\"wp-image-298\" width=\"794\" height=\"561\" srcset=\"https:\/\/i0.wp.com\/www.nhtgs.net\/wp-content\/uploads\/2021\/03\/nhtgs_database_demo.jpg?w=1587&amp;ssl=1 1587w, https:\/\/i0.wp.com\/www.nhtgs.net\/wp-content\/uploads\/2021\/03\/nhtgs_database_demo.jpg?resize=300%2C212&amp;ssl=1 300w, https:\/\/i0.wp.com\/www.nhtgs.net\/wp-content\/uploads\/2021\/03\/nhtgs_database_demo.jpg?resize=1024%2C724&amp;ssl=1 1024w, https:\/\/i0.wp.com\/www.nhtgs.net\/wp-content\/uploads\/2021\/03\/nhtgs_database_demo.jpg?resize=768%2C543&amp;ssl=1 768w, https:\/\/i0.wp.com\/www.nhtgs.net\/wp-content\/uploads\/2021\/03\/nhtgs_database_demo.jpg?resize=1536%2C1086&amp;ssl=1 1536w\" sizes=\"auto, (max-width: 794px) 100vw, 794px\" \/><figcaption>NHTGS database demo<\/figcaption><\/figure>\n\n\n\n<p>Nos services g\u00e9omatiques comprennent:<\/p>\n\n\n\n<p><a href=\"https:\/\/www.nhtgs.net\/en\/prestations\/geomatique\/drone-services\/\">Le Drone service<\/a><\/p>\n\n\n\n<p>La G\u00e9omatique<\/p>\n\n\n\n<p>La t\u00e9l\u00e9d\u00e9tection<\/p>","protected":false},"excerpt":{"rendered":"<div class=\"slide-text-bg2\"><span>La gestion efficace des donn\u00e9es est une condition indispensable pour la r\u00e9ussite des entreprises. Celle des donn\u00e9es g\u00e9ographiques est d\u00e9terminant pour<\/span><\/div>\n<div class=\"slide-btn-area-sm\"><a href=\"https:\/\/www.nhtgs.net\/en\/prestations\/geomatique\/\" class=\"slide-btn-sm\">Read More<\/a><\/div>","protected":false},"author":2,"featured_media":298,"parent":56,"menu_order":0,"comment_status":"closed","ping_status":"closed","template":"","meta":{"advanced_seo_description":"","jetpack_seo_html_title":"","jetpack_seo_noindex":false,"footnotes":""},"class_list":["post-297","page","type-page","status-publish","has-post-thumbnail","hentry"],"jetpack-related-posts":[],"jetpack_sharing_enabled":true,"jetpack_likes_enabled":true,"_links":{"self":[{"href":"https:\/\/www.nhtgs.net\/en\/wp-json\/wp\/v2\/pages\/297","targetHints":{"allow":["GET"]}}],"collection":[{"href":"https:\/\/www.nhtgs.net\/en\/wp-json\/wp\/v2\/pages"}],"about":[{"href":"https:\/\/www.nhtgs.net\/en\/wp-json\/wp\/v2\/types\/page"}],"author":[{"embeddable":true,"href":"https:\/\/www.nhtgs.net\/en\/wp-json\/wp\/v2\/users\/2"}],"replies":[{"embeddable":true,"href":"https:\/\/www.nhtgs.net\/en\/wp-json\/wp\/v2\/comments?post=297"}],"version-history":[{"count":4,"href":"https:\/\/www.nhtgs.net\/en\/wp-json\/wp\/v2\/pages\/297\/revisions"}],"predecessor-version":[{"id":1404,"href":"https:\/\/www.nhtgs.net\/en\/wp-json\/wp\/v2\/pages\/297\/revisions\/1404"}],"up":[{"embeddable":true,"href":"https:\/\/www.nhtgs.net\/en\/wp-json\/wp\/v2\/pages\/56"}],"wp:featuredmedia":[{"embeddable":true,"href":"https:\/\/www.nhtgs.net\/en\/wp-json\/wp\/v2\/media\/298"}],"wp:attachment":[{"href":"https:\/\/www.nhtgs.net\/en\/wp-json\/wp\/v2\/media?parent=297"}],"curies":[{"name":"wp","href":"https:\/\/api.w.org\/{rel}","templated":true}]}}