{"id":56,"date":"2020-11-15T21:31:45","date_gmt":"2020-11-15T21:31:45","guid":{"rendered":"https:\/\/nhtgs.net\/?page_id=56"},"modified":"2021-07-04T11:37:24","modified_gmt":"2021-07-04T11:37:24","slug":"prestations","status":"publish","type":"page","link":"https:\/\/www.nhtgs.net\/en\/prestations\/","title":{"rendered":"Benefits"},"content":{"rendered":"<p>Our company provides services in several areas including:<\/p>\n\n\n\n<ul class=\"wp-block-list\"><li><a href=\"https:\/\/www.nhtgs.net\/en\/prestations\/geologie\/\">Geological study<\/a><\/li><li><a href=\"https:\/\/www.nhtgs.net\/en\/prestations\/mines\/\">Mining engineering<\/a><\/li><li><a href=\"https:\/\/www.nhtgs.net\/en\/prestations\/geomatique\/\">Geomatics study<\/a><\/li><li><a href=\"https:\/\/www.nhtgs.net\/en\/prestations\/ntic\/\">New Information and Communication Technology<\/a><\/li><li>Environmental and Social Impact Studies&nbsp;<\/li><li>Agricultural Study<\/li><li>Topography Study<\/li><li><\/li><li>Etc.<\/li><\/ul>\n\n\n\n<p>Do you need a benefit like that?<\/p>\n\n\n\n<p>Please send it to us through <a href=\"https:\/\/www.nhtgs.net\/en\/contacts\/\">this form here.<\/a>.<\/p>","protected":false},"excerpt":{"rendered":"<div class=\"slide-text-bg2\"><span>Notre entreprise fait des prestations services dans plusieurs domaines parmi lesquels Etude g\u00e9ologique Ing\u00e9nierie mini\u00e8re Etude g\u00e9omatique Nouvelle Tec<\/span><\/div>\n<div class=\"slide-btn-area-sm\"><a href=\"https:\/\/www.nhtgs.net\/en\/prestations\/\" class=\"slide-btn-sm\">Read More<\/a><\/div>","protected":false},"author":2,"featured_media":0,"parent":0,"menu_order":0,"comment_status":"closed","ping_status":"closed","template":"","meta":{"advanced_seo_description":"","jetpack_seo_html_title":"","jetpack_seo_noindex":false,"footnotes":""},"class_list":["post-56","page","type-page","status-publish","hentry"],"jetpack-related-posts":[],"jetpack_sharing_enabled":true,"jetpack_likes_enabled":true,"_links":{"self":[{"href":"https:\/\/www.nhtgs.net\/en\/wp-json\/wp\/v2\/pages\/56","targetHints":{"allow":["GET"]}}],"collection":[{"href":"https:\/\/www.nhtgs.net\/en\/wp-json\/wp\/v2\/pages"}],"about":[{"href":"https:\/\/www.nhtgs.net\/en\/wp-json\/wp\/v2\/types\/page"}],"author":[{"embeddable":true,"href":"https:\/\/www.nhtgs.net\/en\/wp-json\/wp\/v2\/users\/2"}],"replies":[{"embeddable":true,"href":"https:\/\/www.nhtgs.net\/en\/wp-json\/wp\/v2\/comments?post=56"}],"version-history":[{"count":3,"href":"https:\/\/www.nhtgs.net\/en\/wp-json\/wp\/v2\/pages\/56\/revisions"}],"predecessor-version":[{"id":540,"href":"https:\/\/www.nhtgs.net\/en\/wp-json\/wp\/v2\/pages\/56\/revisions\/540"}],"wp:attachment":[{"href":"https:\/\/www.nhtgs.net\/en\/wp-json\/wp\/v2\/media?parent=56"}],"curies":[{"name":"wp","href":"https:\/\/api.w.org\/{rel}","templated":true}]}}