{"id":57,"date":"2020-11-15T21:31:45","date_gmt":"2020-11-15T21:31:45","guid":{"rendered":"https:\/\/nhtgs.net\/?page_id=57"},"modified":"2020-11-22T22:16:51","modified_gmt":"2020-11-22T22:16:51","slug":"projets","status":"publish","type":"page","link":"https:\/\/www.nhtgs.net\/en\/projets\/","title":{"rendered":"Projects"},"content":{"rendered":"<p>Nimba High Tech Geo Services est une entreprise qui monte des projets pour vous dans plusieurs domaines, en particuliers l\u2019<a href=\"https:\/\/www.nhtgs.net\/en\/projets\/orpaillage\/\">exploitation artisanale<\/a>, l\u2019<a href=\"https:\/\/www.nhtgs.net\/en\/projets\/agro-industrie\/\">agro-industrie<\/a>, et la construction.<\/p>\n\n\n\n<p>Apr\u00e8s le montage, nous aidons nos clients dans l\u2019ex\u00e9cution des projets par les moyens mat\u00e9riels et immat\u00e9riels en vue d\u2019optimiser les charges.<\/p>\n\n\n\n<p>Avez-vous besoin d\u2019une aide dans l\u2019un des domaines citez&nbsp;?<\/p>\n\n\n\n<p>Contactez-nous \u00e0 travers ces adresses suivantes.<\/p>\n\n\n\n<ul class=\"wp-block-list\"><li><a href=\"mailto:nhtgmskm@gmail.com\">nhtgskm@gmail.com<\/a><\/li><\/ul>\n\n\n\n<ul class=\"wp-block-list\"><li>Tel.&nbsp;: +224 627 97 36 12<\/li><\/ul>","protected":false},"excerpt":{"rendered":"<div class=\"slide-text-bg2\"><span>Nimba High Tech Geo Services est une entreprise qui monte des projets pour vous dans plusieurs domaines, en particuliers l\u2019exploitation artisanale, l\u2019a<\/span><\/div>\n<div class=\"slide-btn-area-sm\"><a href=\"https:\/\/www.nhtgs.net\/en\/projets\/\" class=\"slide-btn-sm\">Read More<\/a><\/div>","protected":false},"author":2,"featured_media":0,"parent":0,"menu_order":0,"comment_status":"closed","ping_status":"closed","template":"","meta":{"advanced_seo_description":"","jetpack_seo_html_title":"","jetpack_seo_noindex":false,"footnotes":""},"class_list":["post-57","page","type-page","status-publish","hentry"],"jetpack-related-posts":[],"jetpack_sharing_enabled":true,"jetpack_likes_enabled":true,"_links":{"self":[{"href":"https:\/\/www.nhtgs.net\/en\/wp-json\/wp\/v2\/pages\/57","targetHints":{"allow":["GET"]}}],"collection":[{"href":"https:\/\/www.nhtgs.net\/en\/wp-json\/wp\/v2\/pages"}],"about":[{"href":"https:\/\/www.nhtgs.net\/en\/wp-json\/wp\/v2\/types\/page"}],"author":[{"embeddable":true,"href":"https:\/\/www.nhtgs.net\/en\/wp-json\/wp\/v2\/users\/2"}],"replies":[{"embeddable":true,"href":"https:\/\/www.nhtgs.net\/en\/wp-json\/wp\/v2\/comments?post=57"}],"version-history":[{"count":5,"href":"https:\/\/www.nhtgs.net\/en\/wp-json\/wp\/v2\/pages\/57\/revisions"}],"predecessor-version":[{"id":150,"href":"https:\/\/www.nhtgs.net\/en\/wp-json\/wp\/v2\/pages\/57\/revisions\/150"}],"wp:attachment":[{"href":"https:\/\/www.nhtgs.net\/en\/wp-json\/wp\/v2\/media?parent=57"}],"curies":[{"name":"wp","href":"https:\/\/api.w.org\/{rel}","templated":true}]}}