{"id":58,"date":"2020-11-15T21:31:45","date_gmt":"2020-11-15T21:31:45","guid":{"rendered":"https:\/\/nhtgs.net\/?page_id=58"},"modified":"2020-11-15T22:46:56","modified_gmt":"2020-11-15T22:46:56","slug":"orpaillage","status":"publish","type":"page","link":"https:\/\/www.nhtgs.net\/en\/projets\/orpaillage\/","title":{"rendered":"Small mining"},"content":{"rendered":"<p>L\u2019exploitation artisanale de l\u2019or et le diamant est une grande opportunit\u00e9 d\u2019affaire en Guin\u00e9e. La production annuelle de l\u2019or (10\u00a0000-25\u00a0000 kg) atteste la potentialit\u00e9 aurif\u00e8re du pays. L\u2019orpaillage de l\u2019or se fait principalement en Haute Guin\u00e9e.<\/p>\n\n\n\n<p>Ce type d\u2019exploitation requi\u00e8re une autorisation aupr\u00e8s des autorit\u00e9s pour des parcelles de 0.5 ha. La demande de l\u2019autorisation d\u2019exploitation est r\u00e9serv\u00e9e aux guin\u00e9ens selon le code minier guin\u00e9en de 2011 amand\u00e9 en 2013.<\/p>\n\n\n\n<p>D\u2019apr\u00e8s le cadastre minier guin\u00e9ens (en aout 2020) ces zones sont au nombre de 37 couvrant une surface totale de 687 km\u00b2. L\u2019orpaillage concerne deux substances dont l\u2019or et le diamant qui ont chacune\u00a0:<\/p>\n\n\n\n<figure class=\"wp-block-pullquote\"><blockquote><p>35 zones pour l\u2019or (635 km\u00b2)<\/p><cite><a href=\"https:\/\/GUINEE.CADASTREMINIER.ORG\/FR\/\" data-type=\"URL\" data-id=\"HTTPS:\/\/GUINEE.CADASTREMINIER.ORG\/FR\/\" target=\"_blank\" rel=\"noreferrer noopener\">Cadastre minier de guinee<\/a><\/cite><\/blockquote><\/figure>\n\n\n\n<figure class=\"wp-block-pullquote\"><blockquote><p>2 zones pour le diamant (52 km\u00b2)<\/p><cite><a rel=\"noreferrer noopener\" href=\"https:\/\/guinee.cadastreminier.org\/FR\/\" target=\"_blank\">CADASTRE MINIER DE GUINEE<\/a><\/cite><\/blockquote><\/figure>","protected":false},"excerpt":{"rendered":"<div class=\"slide-text-bg2\"><span>L\u2019exploitation artisanale de l\u2019or et le diamant est une grande opportunit\u00e9 d\u2019affaire en Guin\u00e9e. La production annuelle de l\u2019or (10\u00a0000-25\u00a0000 k<\/span><\/div>\n<div class=\"slide-btn-area-sm\"><a href=\"https:\/\/www.nhtgs.net\/en\/projets\/orpaillage\/\" class=\"slide-btn-sm\">Read More<\/a><\/div>","protected":false},"author":2,"featured_media":0,"parent":57,"menu_order":1,"comment_status":"closed","ping_status":"closed","template":"","meta":{"advanced_seo_description":"","jetpack_seo_html_title":"","jetpack_seo_noindex":false,"footnotes":""},"class_list":["post-58","page","type-page","status-publish","hentry"],"jetpack-related-posts":[],"jetpack_sharing_enabled":true,"jetpack_likes_enabled":true,"_links":{"self":[{"href":"https:\/\/www.nhtgs.net\/en\/wp-json\/wp\/v2\/pages\/58","targetHints":{"allow":["GET"]}}],"collection":[{"href":"https:\/\/www.nhtgs.net\/en\/wp-json\/wp\/v2\/pages"}],"about":[{"href":"https:\/\/www.nhtgs.net\/en\/wp-json\/wp\/v2\/types\/page"}],"author":[{"embeddable":true,"href":"https:\/\/www.nhtgs.net\/en\/wp-json\/wp\/v2\/users\/2"}],"replies":[{"embeddable":true,"href":"https:\/\/www.nhtgs.net\/en\/wp-json\/wp\/v2\/comments?post=58"}],"version-history":[{"count":5,"href":"https:\/\/www.nhtgs.net\/en\/wp-json\/wp\/v2\/pages\/58\/revisions"}],"predecessor-version":[{"id":95,"href":"https:\/\/www.nhtgs.net\/en\/wp-json\/wp\/v2\/pages\/58\/revisions\/95"}],"up":[{"embeddable":true,"href":"https:\/\/www.nhtgs.net\/en\/wp-json\/wp\/v2\/pages\/57"}],"wp:attachment":[{"href":"https:\/\/www.nhtgs.net\/en\/wp-json\/wp\/v2\/media?parent=58"}],"curies":[{"name":"wp","href":"https:\/\/api.w.org\/{rel}","templated":true}]}}