{"id":59,"date":"2020-11-15T21:31:45","date_gmt":"2020-11-15T21:31:45","guid":{"rendered":"https:\/\/nhtgs.net\/?page_id=59"},"modified":"2021-03-26T11:30:35","modified_gmt":"2021-03-26T11:30:35","slug":"agro-industrie","status":"publish","type":"page","link":"https:\/\/www.nhtgs.net\/en\/projets\/agro-industrie\/","title":{"rendered":"Agro-industry"},"content":{"rendered":"<p>L&rsquo;agro-industrie est l&rsquo;ensemble des industries ayant un lien direct avec l&rsquo;agriculture. Cela comprend donc l&rsquo;ensemble des syst\u00e8mes de productions agricoles et s&rsquo;\u00e9tend \u00e0 toutes les entreprises qui fournissent des biens \u00e0 l&rsquo;agriculture (engrais, pesticides, machines) ainsi qu&rsquo;\u00e0 celles qui transforment les produits agricoles et les conditionnent en produits commercialisables.<\/p>\n\n\n\n<p>Source&nbsp;: <a href=\"https:\/\/fr.wikipedia.org\/wiki\/Agro-industrie#:~:text=L'agro%2Dindustrie%20est%20l,lien%20direct%20avec%20l'agriculture.\">Wikip\u00e9dia\/Agro-industrie<\/a><\/p>\n\n\n\n<p>Notre entreprise NHTGS vous aidera \u00e0 monter un large \u00e9ventail de projet dans le domaine agro-industrie, depuis le d\u00e9but jusqu\u2019\u00e0 l\u2019ex\u00e9cution.<\/p>\n\n\n\n<p>Nous utilisons les technologies de pointe pour \u00e9valuer la faisabilit\u00e9 et la viabilit\u00e9 du projet. Parmi c\u2019est technologie nous avons<\/p>\n\n\n\n<ul class=\"wp-block-list\"><li>La t\u00e9l\u00e9d\u00e9tection&nbsp;: pour passer en revue la nature du sol sur l\u2019endroit o\u00f9 cultiver.<\/li><li>Le Syst\u00e8me d\u2019information G\u00e9ographique&nbsp;: pour faire l\u2019analyse spatiale de la zone \u00e0 cultiver (zone non inondable, proche d\u2019une source d\u2019eau, proche d\u2019une route \u2026).<\/li><li>Am\u00e9nagement&nbsp;: que se soit l\u2019irrigation ou le drainage, la disposition spatiale a une grande importante dans la gestion d\u2019une zone agricole. Un bon am\u00e9nagement peut r\u00e9duire fortement les d\u00e9penses et surtout g\u00e9n\u00e9rer un bon rendement.<\/li><\/ul>\n\n\n\n<p>NHTGS en plus tous de ce qui pr\u00e9c\u00e8dent peut vous faire un bon plan de travail et \u00e9valuer le co\u00fbt d\u2019investissement d\u2019un projet agro-industriel.<\/p>\n\n\n\n<p>Faites votre demande de projet <a href=\"https:\/\/www.nhtgs.net\/en\/contacts\/\">ici\u00a0<\/a>!<\/p>","protected":false},"excerpt":{"rendered":"<div class=\"slide-text-bg2\"><span>L&rsquo;agro-industrie est l&rsquo;ensemble des industries ayant un lien direct avec l&rsquo;agriculture. Cela comprend donc l&rsquo;ensemble des syst\u00e8mes<\/span><\/div>\n<div class=\"slide-btn-area-sm\"><a href=\"https:\/\/www.nhtgs.net\/en\/projets\/agro-industrie\/\" class=\"slide-btn-sm\">Read More<\/a><\/div>","protected":false},"author":2,"featured_media":0,"parent":57,"menu_order":1,"comment_status":"closed","ping_status":"closed","template":"","meta":{"advanced_seo_description":"","jetpack_seo_html_title":"","jetpack_seo_noindex":false,"footnotes":""},"class_list":["post-59","page","type-page","status-publish","hentry"],"jetpack-related-posts":[],"jetpack_sharing_enabled":true,"jetpack_likes_enabled":true,"_links":{"self":[{"href":"https:\/\/www.nhtgs.net\/en\/wp-json\/wp\/v2\/pages\/59","targetHints":{"allow":["GET"]}}],"collection":[{"href":"https:\/\/www.nhtgs.net\/en\/wp-json\/wp\/v2\/pages"}],"about":[{"href":"https:\/\/www.nhtgs.net\/en\/wp-json\/wp\/v2\/types\/page"}],"author":[{"embeddable":true,"href":"https:\/\/www.nhtgs.net\/en\/wp-json\/wp\/v2\/users\/2"}],"replies":[{"embeddable":true,"href":"https:\/\/www.nhtgs.net\/en\/wp-json\/wp\/v2\/comments?post=59"}],"version-history":[{"count":4,"href":"https:\/\/www.nhtgs.net\/en\/wp-json\/wp\/v2\/pages\/59\/revisions"}],"predecessor-version":[{"id":345,"href":"https:\/\/www.nhtgs.net\/en\/wp-json\/wp\/v2\/pages\/59\/revisions\/345"}],"up":[{"embeddable":true,"href":"https:\/\/www.nhtgs.net\/en\/wp-json\/wp\/v2\/pages\/57"}],"wp:attachment":[{"href":"https:\/\/www.nhtgs.net\/en\/wp-json\/wp\/v2\/media?parent=59"}],"curies":[{"name":"wp","href":"https:\/\/api.w.org\/{rel}","templated":true}]}}