{"id":60,"date":"2020-11-15T21:31:45","date_gmt":"2020-11-15T21:31:45","guid":{"rendered":"https:\/\/nhtgs.net\/?page_id=60"},"modified":"2020-11-17T22:37:31","modified_gmt":"2020-11-17T22:37:31","slug":"formations","status":"publish","type":"page","link":"https:\/\/www.nhtgs.net\/en\/formations\/","title":{"rendered":"Training"},"content":{"rendered":"<p>Une bonne formation est indispensable pour une r\u00e9ussite durable.<\/p>\n\n\n\n<p>L\u2019un des objectifs majeurs de Nimba High Tech Geo Service est la formation.<\/p>\n\n\n\n<p>Notre formation comprend les connaissances de base en informatique pour une utilisation efficace des mat\u00e9riels informatique (Ordinateur, Tablette, T\u00e9l\u00e9phone Android) et la maitrise des logiciels sp\u00e9cialis\u00e9s dans la vie professionnelle.<\/p>\n\n\n\n<p>Pour suivre ces formation nos clients n\u2019ont pas forc\u00e9ment besoin de s\u2019y rendre dans nos centres de formation. La plupart de nos formations peuvent \u00eatre suivi en ligne.<\/p>\n\n\n\n<p>Toutes nos formations sont certifi\u00e9es par une attestation de validation \u00e0 la fin de la formation, transmis de main en main soit \u00e0 travers l\u2019internet.<\/p>\n\n\n\n<p>Les diff\u00e9rentes cat\u00e9gories de formations disponibles chez NHTGS sont&nbsp;:<\/p>\n\n\n\n<ul class=\"wp-block-list\"><li><a href=\"https:\/\/www.nhtgs.net\/en\/formations\/continues\/\">Les formations continues<\/a><\/li><li><a href=\"https:\/\/www.nhtgs.net\/en\/formations\/en-ligne\/\">Les formations en ligne<\/a> <\/li><li>Et <a href=\"https:\/\/www.nhtgs.net\/en\/formations\/professionnelles\/\">les formations professionnelles<\/a><\/li><\/ul>","protected":false},"excerpt":{"rendered":"<div class=\"slide-text-bg2\"><span>Une bonne formation est indispensable pour une r\u00e9ussite durable. L\u2019un des objectifs majeurs de Nimba High Tech Geo Service est la formation. Notre forma<\/span><\/div>\n<div class=\"slide-btn-area-sm\"><a href=\"https:\/\/www.nhtgs.net\/en\/formations\/\" class=\"slide-btn-sm\">Read More<\/a><\/div>","protected":false},"author":2,"featured_media":0,"parent":0,"menu_order":0,"comment_status":"closed","ping_status":"closed","template":"","meta":{"advanced_seo_description":"","jetpack_seo_html_title":"","jetpack_seo_noindex":false,"footnotes":""},"class_list":["post-60","page","type-page","status-publish","hentry"],"jetpack-related-posts":[],"jetpack_sharing_enabled":true,"jetpack_likes_enabled":true,"_links":{"self":[{"href":"https:\/\/www.nhtgs.net\/en\/wp-json\/wp\/v2\/pages\/60","targetHints":{"allow":["GET"]}}],"collection":[{"href":"https:\/\/www.nhtgs.net\/en\/wp-json\/wp\/v2\/pages"}],"about":[{"href":"https:\/\/www.nhtgs.net\/en\/wp-json\/wp\/v2\/types\/page"}],"author":[{"embeddable":true,"href":"https:\/\/www.nhtgs.net\/en\/wp-json\/wp\/v2\/users\/2"}],"replies":[{"embeddable":true,"href":"https:\/\/www.nhtgs.net\/en\/wp-json\/wp\/v2\/comments?post=60"}],"version-history":[{"count":4,"href":"https:\/\/www.nhtgs.net\/en\/wp-json\/wp\/v2\/pages\/60\/revisions"}],"predecessor-version":[{"id":124,"href":"https:\/\/www.nhtgs.net\/en\/wp-json\/wp\/v2\/pages\/60\/revisions\/124"}],"wp:attachment":[{"href":"https:\/\/www.nhtgs.net\/en\/wp-json\/wp\/v2\/media?parent=60"}],"curies":[{"name":"wp","href":"https:\/\/api.w.org\/{rel}","templated":true}]}}