{"id":62,"date":"2020-11-15T21:31:45","date_gmt":"2020-11-15T21:31:45","guid":{"rendered":"https:\/\/nhtgs.net\/?page_id=62"},"modified":"2021-01-27T15:23:46","modified_gmt":"2021-01-27T15:23:46","slug":"professionnelles","status":"publish","type":"page","link":"https:\/\/www.nhtgs.net\/en\/formations\/professionnelles\/","title":{"rendered":"Professional"},"content":{"rendered":"<p>Formations professionnelles<\/p>\n\n\n\n<p>L\u2019\u00e9volution d\u2019une personne dans le milieu professionnel d\u00e9pend directement de son habilit\u00e9 d\u2019adaptation au nouvelle r\u00e9alit\u00e9 et d\u00e9fi de son entreprise. Nos formations professionnelles vous d\u00e9voileront les techniques efficaces qu\u2019il faut connaitre pour augmenter la productivit\u00e9.<\/p>\n\n\n\n<p>Avec des professionnels en la mati\u00e8re, nous tenons compte de votre domaine de travail pour adapter les formations de votre choix.<\/p>\n\n\n\n<p>Dans les formations professionnelles, il y a&nbsp;plusieurs volets dont&nbsp;:<\/p>\n\n\n\n<ul class=\"wp-block-list\"><li>L\u2019\u00e9tude des cas pratiques<\/li><li>L\u2019utilisation efficace des logiciels<\/li><\/ul>\n\n\n\n<p>Parmi l\u2019\u00e9tude des cas pratiques nous avons&nbsp;:<\/p>\n\n\n\n<ol class=\"wp-block-list\" type=\"1\"><li>Les techniques de cartographie<\/li><li>La maitrise du GPS<\/li><li>La r\u00e9alisation d\u2019une carte g\u00e9ographique<\/li><li>La mod\u00e9lisation g\u00e9ologique avec Leapfrog Geo<\/li><li>L\u2019\u00e9valuation des ressources avec Datamine RM<\/li><li>L\u2019analyse variographique avec Snowden Supervisor<\/li><li>Les enveloppes min\u00e9ralis\u00e9es automatique dans Leapfrog Geo<\/li><li>L\u2019analyse spatiale avec ArcGIS<\/li><li>Le dessin technique avec AutoCAD<\/li><li>R\u00e9aliser une carte avec MapInfo<\/li><li>La gestion des donn\u00e9es spatiales dans QGIS<\/li><li>Pit design sur Surpac<\/li><li>Estimation des ressources dans Leapfrog Geo<\/li><li>La conversion des donn\u00e9es<\/li><li>La caract\u00e9risation \u00e0 distance sur ENVI<\/li><\/ol>\n\n\n\n<p>L\u2019utilisation efficace des logiciels comprend&nbsp;:<\/p>\n\n\n\n<ol class=\"wp-block-list\" type=\"1\"><li>La prise en main d\u2019ArcGIS<\/li><li>La prise en main d\u2019ArcGIS Pro<\/li><li>La prise en main de MapInfo<\/li><li>La prise en main de Datamine Studio<\/li><li>La prise en main de Leapfrog Geo<\/li><li>La prise en main de Surpac<\/li><li>La prise en Main de ENVI<\/li><li>La prise en main de QGIS<\/li><li>La prise en main de Datamine RM<\/li><li>La prise en main de Global Mapper<\/li><\/ol>\n\n\n\n<p>Ces formations professionnelles sont donn\u00e9es sur programme \u00e0, une date, pendant une dur\u00e9e et un emplacement selon l\u2019accord avec nos clients. Les int\u00e9ress\u00e9s peuvent nous envoyer une demande \u00e0 travers le lien ci-dessous.<\/p>\n\n\n\n<p><a href=\"https:\/\/www.nhtgs.net\/en\/contacts\/demander-une-formation\/\" data-type=\"URL\" data-id=\"https:\/\/www.nhtgs.net\/contacts\/demander-une-formation\/\">Request training<\/a><\/p>","protected":false},"excerpt":{"rendered":"<div class=\"slide-text-bg2\"><span>Formations professionnelles L\u00e2\u20ac\u2122\u00c3\u00a9volution d\u00e2\u20ac\u2122une personne dans le milieu professionnel d\u00c3\u00a9pend directement de son habilit\u00c3\u00a9 d\u00e2\u20ac\u2122adaptation au nouvelle r\u00c3<\/span><\/div>\n<div class=\"slide-btn-area-sm\"><a href=\"https:\/\/www.nhtgs.net\/en\/formations\/professionnelles\/\" class=\"slide-btn-sm\">Read More<\/a><\/div>","protected":false},"author":2,"featured_media":0,"parent":60,"menu_order":1,"comment_status":"closed","ping_status":"closed","template":"","meta":{"advanced_seo_description":"","jetpack_seo_html_title":"","jetpack_seo_noindex":false,"footnotes":""},"class_list":["post-62","page","type-page","status-publish","hentry"],"jetpack-related-posts":[],"jetpack_sharing_enabled":true,"jetpack_likes_enabled":true,"_links":{"self":[{"href":"https:\/\/www.nhtgs.net\/en\/wp-json\/wp\/v2\/pages\/62","targetHints":{"allow":["GET"]}}],"collection":[{"href":"https:\/\/www.nhtgs.net\/en\/wp-json\/wp\/v2\/pages"}],"about":[{"href":"https:\/\/www.nhtgs.net\/en\/wp-json\/wp\/v2\/types\/page"}],"author":[{"embeddable":true,"href":"https:\/\/www.nhtgs.net\/en\/wp-json\/wp\/v2\/users\/2"}],"replies":[{"embeddable":true,"href":"https:\/\/www.nhtgs.net\/en\/wp-json\/wp\/v2\/comments?post=62"}],"version-history":[{"count":12,"href":"https:\/\/www.nhtgs.net\/en\/wp-json\/wp\/v2\/pages\/62\/revisions"}],"predecessor-version":[{"id":173,"href":"https:\/\/www.nhtgs.net\/en\/wp-json\/wp\/v2\/pages\/62\/revisions\/173"}],"up":[{"embeddable":true,"href":"https:\/\/www.nhtgs.net\/en\/wp-json\/wp\/v2\/pages\/60"}],"wp:attachment":[{"href":"https:\/\/www.nhtgs.net\/en\/wp-json\/wp\/v2\/media?parent=62"}],"curies":[{"name":"wp","href":"https:\/\/api.w.org\/{rel}","templated":true}]}}