{"id":63,"date":"2020-11-15T21:31:45","date_gmt":"2020-11-15T21:31:45","guid":{"rendered":"https:\/\/nhtgs.net\/?page_id=63"},"modified":"2021-03-09T23:22:52","modified_gmt":"2021-03-09T23:22:52","slug":"continues","status":"publish","type":"page","link":"https:\/\/www.nhtgs.net\/en\/formations\/continues\/","title":{"rendered":"Continues"},"content":{"rendered":"<h2 class=\"wp-block-heading\">Formation Continues<\/h2>\n\n\n\n<p>Chez nhtgs nous assurons les formations sur l\u2019informatique de base, utilisation efficace d\u2019un ordinateur dans votre quotidien.<\/p>\n\n\n\n<p>Cela comprend:<\/p>\n\n\n\n<ul class=\"wp-block-list\"><li>Windows<\/li><li>Word<\/li><li>Excel<\/li><li>PowerPoint<\/li><li>Access<\/li><li>R\u00e9seau Internet<\/li><\/ul>\n\n\n\n<p>Avec la situation \u00e9lectrique actuelle du pays, nhtgs a pr\u00e9f\u00e9r\u00e9 trouver l\u2019\u00e9nergie solaire pour permettre aux clients d\u2019obtenir le courant \u00e9lectrique 24h\/24 et 7j\/7.<\/p>\n\n\n\n<p>Notre centre de formation continue se trouve actuellement \u00e0 Kankan dans le quartier Dalako \u00e0 200m \u00e0 l\u2019est de Saa Sangb\u00e9r\u00e9.<\/p>\n\n\n\n<p>Avec notre formateur qualifi\u00e9 ayant une grande exp\u00e9rience, votre compr\u00e9hension est assur\u00e9.<\/p>\n\n\n<p><iframe loading=\"lazy\" src=\"https:\/\/www.google.com\/maps\/d\/u\/0\/embed?mid=1jOloCnJr7jduUjH3bAYEu7173Ah4hchQ\" width=\"640\" height=\"480\"><\/iframe><\/p>\n<p><!-- \/wp:post-content --><\/p>\n<p><!-- wp:paragraph --><\/p>\n<p><!-- \/wp:paragraph --><\/p>\n<p><!-- wp:paragraph {\"align\":\"center\"} --><\/p>\n<p class=\"has-text-align-center\"><strong>Mr Kemoko Diawara<\/strong> <\/p>\n<p><!-- \/wp:paragraph --><\/p>\n<p><!-- wp:paragraph --><\/p>\n<p>Formateur et le Gestionnaire du bureau de Kankan <\/p>\n<p><!-- \/wp:paragraph --><\/p>\n<p><!-- wp:paragraph --><\/p>\n<p>Contacts: +224 627 97 36 12, kemokodiawara46@gmail.com<\/p>\n<p><!-- \/wp:paragraph --><\/p>","protected":false},"excerpt":{"rendered":"<div class=\"slide-text-bg2\"><span>Formation Continues Chez nhtgs nous assurons les formations sur l\u2019informatique de base, utilisation efficace d\u2019un ordinateur dans votre quotidien. Cela<\/span><\/div>\n<div class=\"slide-btn-area-sm\"><a href=\"https:\/\/www.nhtgs.net\/en\/formations\/continues\/\" class=\"slide-btn-sm\">Read More<\/a><\/div>","protected":false},"author":2,"featured_media":0,"parent":60,"menu_order":1,"comment_status":"closed","ping_status":"closed","template":"","meta":{"advanced_seo_description":"","jetpack_seo_html_title":"","jetpack_seo_noindex":false,"footnotes":""},"class_list":["post-63","page","type-page","status-publish","hentry"],"jetpack-related-posts":[],"jetpack_sharing_enabled":true,"jetpack_likes_enabled":true,"_links":{"self":[{"href":"https:\/\/www.nhtgs.net\/en\/wp-json\/wp\/v2\/pages\/63","targetHints":{"allow":["GET"]}}],"collection":[{"href":"https:\/\/www.nhtgs.net\/en\/wp-json\/wp\/v2\/pages"}],"about":[{"href":"https:\/\/www.nhtgs.net\/en\/wp-json\/wp\/v2\/types\/page"}],"author":[{"embeddable":true,"href":"https:\/\/www.nhtgs.net\/en\/wp-json\/wp\/v2\/users\/2"}],"replies":[{"embeddable":true,"href":"https:\/\/www.nhtgs.net\/en\/wp-json\/wp\/v2\/comments?post=63"}],"version-history":[{"count":18,"href":"https:\/\/www.nhtgs.net\/en\/wp-json\/wp\/v2\/pages\/63\/revisions"}],"predecessor-version":[{"id":209,"href":"https:\/\/www.nhtgs.net\/en\/wp-json\/wp\/v2\/pages\/63\/revisions\/209"}],"up":[{"embeddable":true,"href":"https:\/\/www.nhtgs.net\/en\/wp-json\/wp\/v2\/pages\/60"}],"wp:attachment":[{"href":"https:\/\/www.nhtgs.net\/en\/wp-json\/wp\/v2\/media?parent=63"}],"curies":[{"name":"wp","href":"https:\/\/api.w.org\/{rel}","templated":true}]}}